{"id":38,"date":"2023-01-03T10:52:00","date_gmt":"2023-01-03T10:52:00","guid":{"rendered":"https:\/\/www.nacarshirts.com\/?page_id=38"},"modified":"2023-01-26T22:23:30","modified_gmt":"2023-01-26T22:23:30","slug":"contact","status":"publish","type":"page","link":"https:\/\/www.nacarshirts.com\/en\/contact\/","title":{"rendered":"Contact"},"content":{"rendered":"<div class=\"row\"  id=\"row-1051913976\">\n\n\t<div id=\"col-730592168\" class=\"col small-12 large-12\"  >\n\t\t\t\t<div class=\"col-inner\"  >\n\t\t\t\n\t\t\t\n\t<div class=\"img has-hover x md-x lg-x y md-y lg-y\" id=\"image_966455219\">\n\t\t\t\t\t\t\t\t<div class=\"img-inner dark\" >\n\t\t\t<img loading=\"lazy\" decoding=\"async\" width=\"1300\" height=\"400\" src=\"https:\/\/www.nacarshirts.com\/en\/wp-content\/uploads\/2023\/01\/iletisim-1.png\" class=\"attachment-original size-original\" alt=\"\" srcset=\"https:\/\/www.nacarshirts.com\/en\/wp-content\/uploads\/2023\/01\/iletisim-1.png 1300w, https:\/\/www.nacarshirts.com\/en\/wp-content\/uploads\/2023\/01\/iletisim-1-300x92.png 300w, https:\/\/www.nacarshirts.com\/en\/wp-content\/uploads\/2023\/01\/iletisim-1-1024x315.png 1024w, https:\/\/www.nacarshirts.com\/en\/wp-content\/uploads\/2023\/01\/iletisim-1-768x236.png 768w, https:\/\/www.nacarshirts.com\/en\/wp-content\/uploads\/2023\/01\/iletisim-1-600x185.png 600w\" sizes=\"auto, (max-width: 1300px) 100vw, 1300px\" \/>\t\t\t\t\t\t\n\t\t\t\t\t<\/div>\n\t\t\t\t\t\t\t\t\n<style>\n#image_966455219 {\n  width: 100%;\n}\n<\/style>\n\t<\/div>\n\t\n\t\t<\/div>\n\t\t\t\t\t<\/div>\n\n\t\n<\/div>\n<div class=\"row\"  id=\"row-176372759\">\n\n\t<div id=\"col-2146242587\" class=\"col medium-6 small-12 large-6\"  >\n\t\t\t\t<div class=\"col-inner\"  >\n\t\t\t\n\t\t\t\n<h3><span class=\"widget-title\">HEAD OFFICE<\/span><\/h3>\n<p class=\"has-block tooltipstered\"><strong>Internal:<\/strong>\u00a0<a href=\"tel:+902126139331\">0 212 613 93 31<\/a><\/p>\n<p><strong>Mobile:<\/strong>\u00a0<a href=\"tel:+905378713577\">0 537 871 35 77<\/a><\/p>\n<p><strong>Email:<\/strong>\u00a0<a href=\"https:\/\/www.nacarshirts.com\/en\/contact\/info@nacarshirts.com\">info@nacarshirts.com<\/a><\/p>\n<p><strong>Address:<\/strong>\u00a0Maltepe Nhood G\u00fcm\u00fc\u015fsuyu St. Cevteks \u00c7ar\u015f\u0131 Num: 64\/1 Bayrampa\u015fa \/ \u0130stanbul<\/p>\n<p><iframe loading=\"lazy\" style=\"border: 0;\" src=\"https:\/\/www.google.com\/maps\/embed?pb=!1m18!1m12!1m3!1d3009.779009546496!2d28.91229271491521!3d41.030090526032076!2m3!1f0!2f0!3f0!3m2!1i1024!2i768!4f13.1!3m3!1m2!1s0x14caba5d868786d9%3A0x4dfd4666769cbf7e!2sCev-Teks!5e0!3m2!1str!2str!4v1672828764940!5m2!1str!2str\" width=\"100%\" height=\"250\" allowfullscreen=\"allowfullscreen\"><\/iframe><\/p>\n\t\t<\/div>\n\t\t\t\t\t<\/div>\n\n\t\n\n\t<div id=\"col-447223211\" class=\"col medium-6 small-12 large-6\"  >\n\t\t\t\t<div class=\"col-inner\"  >\n\t\t\t\n\t\t\t\n<h3><span class=\"widget-title\">BRANCH OFFICE<\/span><\/h3>\n<p class=\"has-block tooltipstered\"><strong>Internal:<\/strong>\u00a0<a href=\"tel:+902126139331\">0 212 613 93 31<\/a><\/p>\n<p><strong>Mobile:<\/strong>\u00a0<a href=\"tel:+905372583431\">0 537 258 34 31<\/a><\/p>\n<p><strong>Email:<\/strong>\u00a0<a href=\"mailto:info@nacarshirts.com\">info@nacarshirts.com<\/a><\/p>\n<p><strong>Address:<\/strong>\u00a0Maltepe St. Parlak Han Num: 16 Bayrampa\u015fa \/ \u0130stanbul<\/p>\n<p><iframe loading=\"lazy\" style=\"border: 0;\" src=\"https:\/\/www.google.com\/maps\/embed?pb=!1m18!1m12!1m3!1d3009.7146087711776!2d28.914247814915136!3d41.03149932594534!2m3!1f0!2f0!3f0!3m2!1i1024!2i768!4f13.1!3m3!1m2!1s0x14caba67b89434dd%3A0x79733f5e34c7c041!2zUGFybGFrIEhhbiBUcmlrb2N1bGFyIMOHYXLFn8Sxc8Sx!5e0!3m2!1str!2str!4v1672828855996!5m2!1str!2str\" width=\"100%\" height=\"250\" allowfullscreen=\"allowfullscreen\"><\/iframe><\/p>\n\t\t<\/div>\n\t\t\t\t\t<\/div>\n\n\t\n<\/div>\n","protected":false},"excerpt":{"rendered":"","protected":false},"author":1,"featured_media":0,"parent":0,"menu_order":0,"comment_status":"closed","ping_status":"closed","template":"","meta":{"footnotes":""},"class_list":["post-38","page","type-page","status-publish","hentry"],"_links":{"self":[{"href":"https:\/\/www.nacarshirts.com\/en\/wp-json\/wp\/v2\/pages\/38","targetHints":{"allow":["GET"]}}],"collection":[{"href":"https:\/\/www.nacarshirts.com\/en\/wp-json\/wp\/v2\/pages"}],"about":[{"href":"https:\/\/www.nacarshirts.com\/en\/wp-json\/wp\/v2\/types\/page"}],"author":[{"embeddable":true,"href":"https:\/\/www.nacarshirts.com\/en\/wp-json\/wp\/v2\/users\/1"}],"replies":[{"embeddable":true,"href":"https:\/\/www.nacarshirts.com\/en\/wp-json\/wp\/v2\/comments?post=38"}],"version-history":[{"count":14,"href":"https:\/\/www.nacarshirts.com\/en\/wp-json\/wp\/v2\/pages\/38\/revisions"}],"predecessor-version":[{"id":318,"href":"https:\/\/www.nacarshirts.com\/en\/wp-json\/wp\/v2\/pages\/38\/revisions\/318"}],"wp:attachment":[{"href":"https:\/\/www.nacarshirts.com\/en\/wp-json\/wp\/v2\/media?parent=38"}],"curies":[{"name":"wp","href":"https:\/\/api.w.org\/{rel}","templated":true}]}}